{"id":681,"date":"2026-01-03T23:35:26","date_gmt":"2026-01-04T04:35:26","guid":{"rendered":"https:\/\/savardfaire.tv\/blog\/?page_id=681"},"modified":"2026-01-04T01:51:07","modified_gmt":"2026-01-04T06:51:07","slug":"1964-2","status":"publish","type":"page","link":"https:\/\/savardfaire.tv\/blog\/carnet\/1964-2\/","title":{"rendered":"Dossier &#8211; Na\u00eetre en 1964"},"content":{"rendered":"\n<div class=\"wp-block-columns is-layout-flex wp-container-core-columns-is-layout-9d6595d7 wp-block-columns-is-layout-flex\">\n<div class=\"wp-block-column is-layout-flow wp-block-column-is-layout-flow\" style=\"flex-basis:66.66%\">\n<p>Na\u00eetre en 1964 au Qu\u00e9bec, ce n\u2019est pas seulement venir au monde \u00e0 une date pr\u00e9cise.<br>C\u2019est appara\u00eetre au moment o\u00f9 une soci\u00e9t\u00e9 se d\u00e9fait de ses certitudes : l\u2019autorit\u00e9 de l\u2019\u00c9glise recule, la jeunesse s\u2019\u00e9mancipe, la culture bascule, et certains choisissent la rupture politique plut\u00f4t que l\u2019attente.<\/p>\n\n\n\n<p>Ma naissance s\u2019inscrit dans ce moment de tension. Mon p\u00e8re est alors incarc\u00e9r\u00e9 pour son implication au sein d\u2019un r\u00e9seau li\u00e9 au FLQ. Ma m\u00e8re a 18 ans, mon p\u00e8re 20. Ils sont mineurs, non mari\u00e9s, et leur relation est d\u00e9j\u00e0 en train de se dissoudre. Six jours apr\u00e8s ma naissance, je quitte l\u2019h\u00f4pital pour \u00eatre confi\u00e9 \u00e0 mes grands-parents.<\/p>\n\n\n\n<p>Ce dossier rassemble deux regards compl\u00e9mentaires sur ces circonstances :<br>un&nbsp;<strong>r\u00e9cit personnel<\/strong>, \u00e9crit \u00e0 la premi\u00e8re personne, et un&nbsp;<strong>article de type journalistique<\/strong>, qui replace les faits dans leur contexte social, familial et politique.<\/p>\n\n\n\n<hr class=\"wp-block-separator has-alpha-channel-opacity\"\/>\n\n\n\n<h3 class=\"wp-block-heading\">Lire les textes du dossier<\/h3>\n\n\n\n<ul class=\"wp-block-list\">\n<li>&nbsp;<strong>R\u00e9cit personnel<\/strong>\n<ul class=\"wp-block-list\">\n<li><a href=\"https:\/\/savardfaire.tv\/blog\/carnet\/1964-2\/les-circonstances-de-ma-naissance\/\" data-type=\"page\" data-id=\"687\">Les circonstances de ma naissance<\/a><\/li>\n<\/ul>\n<\/li>\n\n\n\n<li><strong>Article<\/strong>\n<ul class=\"wp-block-list\">\n<li><a href=\"https:\/\/savardfaire.tv\/blog\/carnet\/1964-2\/naitre-en-1964-un-fils-au-milieu-des-eclats\/\" data-type=\"page\" data-id=\"685\">Na\u00eetre en 1964 : un fils au milieu des \u00e9clats<\/a><\/li>\n<\/ul>\n<\/li>\n<\/ul>\n\n\n\n<h6 class=\"wp-block-heading\">Note de lecture<\/h6>\n\n\n\n<p>Les deux textes peuvent \u00eatre lus ind\u00e9pendamment.<br>Le r\u00e9cit privil\u00e9gie la m\u00e9moire v\u00e9cue et le point de vue intime.<br>L\u2019article adopte une distance analytique et historique.<br>Ensemble, ils proposent une lecture crois\u00e9e d\u2019un m\u00eame point de d\u00e9part.<\/p>\n<\/div>\n\n\n\n<div class=\"wp-block-column is-layout-flow wp-block-column-is-layout-flow\" style=\"flex-basis:33.33%\"><ul class=\"wp-block-page-list\"><li class=\"wp-block-pages-list__item has-child\"><a class=\"wp-block-pages-list__item__link\" href=\"https:\/\/savardfaire.tv\/blog\/carnet\/1964-2\/\">Dossier &#8211; Na\u00eetre en 1964<\/a><ul class=\"wp-block-navigation__submenu-container\"><li class=\"wp-block-pages-list__item \"><a class=\"wp-block-pages-list__item__link\" href=\"https:\/\/savardfaire.tv\/blog\/carnet\/1964-2\/naitre-en-1964-un-fils-au-milieu-des-eclats\/\">Article: Na\u00eetre en 1964, un fils au milieu des \u00e9clats<\/a><\/li><li class=\"wp-block-pages-list__item \"><a class=\"wp-block-pages-list__item__link\" href=\"https:\/\/savardfaire.tv\/blog\/carnet\/1964-2\/les-circonstances-de-ma-naissance\/\">R\u00e9cit: Les circonstances de ma naissance<\/a><\/li><\/ul><\/li><\/ul><\/div>\n<\/div>\n","protected":false},"excerpt":{"rendered":"<div class='wb_fb_bottom' style='text-align:;'> <\/div><p>Na\u00eetre en 1964 au Qu\u00e9bec, ce n\u2019est pas seulement venir au monde \u00e0 une date pr\u00e9cise.C\u2019est appara\u00eetre au moment o\u00f9 une soci\u00e9t\u00e9 se d\u00e9fait de ses certitudes : l\u2019autorit\u00e9 de l\u2019\u00c9glise recule, la jeunesse s\u2019\u00e9mancipe, la culture bascule, et certains choisissent la rupture politique plut\u00f4t que l\u2019attente. Ma naissance s\u2019inscrit dans ce moment de tension&#8230;. <\/p>\n<div class=\"link-more\"><a href=\"https:\/\/savardfaire.tv\/blog\/carnet\/1964-2\/\">Read More<\/a><\/div>\n","protected":false},"author":2,"featured_media":0,"parent":669,"menu_order":0,"comment_status":"closed","ping_status":"closed","template":"","meta":{"footnotes":""},"class_list":["post-681","page","type-page","status-publish","hentry"],"_links":{"self":[{"href":"https:\/\/savardfaire.tv\/blog\/wp-json\/wp\/v2\/pages\/681","targetHints":{"allow":["GET"]}}],"collection":[{"href":"https:\/\/savardfaire.tv\/blog\/wp-json\/wp\/v2\/pages"}],"about":[{"href":"https:\/\/savardfaire.tv\/blog\/wp-json\/wp\/v2\/types\/page"}],"author":[{"embeddable":true,"href":"https:\/\/savardfaire.tv\/blog\/wp-json\/wp\/v2\/users\/2"}],"replies":[{"embeddable":true,"href":"https:\/\/savardfaire.tv\/blog\/wp-json\/wp\/v2\/comments?post=681"}],"version-history":[{"count":10,"href":"https:\/\/savardfaire.tv\/blog\/wp-json\/wp\/v2\/pages\/681\/revisions"}],"predecessor-version":[{"id":727,"href":"https:\/\/savardfaire.tv\/blog\/wp-json\/wp\/v2\/pages\/681\/revisions\/727"}],"up":[{"embeddable":true,"href":"https:\/\/savardfaire.tv\/blog\/wp-json\/wp\/v2\/pages\/669"}],"wp:attachment":[{"href":"https:\/\/savardfaire.tv\/blog\/wp-json\/wp\/v2\/media?parent=681"}],"curies":[{"name":"wp","href":"https:\/\/api.w.org\/{rel}","templated":true}]}}